{"id":961,"date":"2019-07-16T08:12:03","date_gmt":"2019-07-16T08:12:03","guid":{"rendered":"http:\/\/localhost\/bigger\/?page_id=961"},"modified":"2024-07-12T16:23:16","modified_gmt":"2024-07-12T21:23:16","slug":"project","status":"publish","type":"page","link":"https:\/\/mastergssus.com\/es\/project\/","title":{"rendered":"EXPERIENCIA"},"content":{"rendered":"<div data-elementor-type=\"wp-post\" data-elementor-id=\"961\" class=\"elementor elementor-961\">\n\t\t\t\t\t\t<section class=\"elementor-section elementor-top-section elementor-element elementor-element-69ca3cb elementor-section-boxed elementor-section-height-default elementor-section-height-default\" data-id=\"69ca3cb\" data-element_type=\"section\">\n\t\t\t\t\t\t<div class=\"elementor-container elementor-column-gap-default\">\n\t\t\t\t\t<div class=\"elementor-column elementor-col-100 elementor-top-column elementor-element elementor-element-5fccaea\" data-id=\"5fccaea\" data-element_type=\"column\">\n\t\t\t<div class=\"elementor-widget-wrap\">\n\t\t\t\t\t\t\t<\/div>\n\t\t<\/div>\n\t\t\t\t\t<\/div>\n\t\t<\/section>\n\t\t<div class=\"elementor-element elementor-element-c10de73 e-flex e-con-boxed e-con e-parent\" data-id=\"c10de73\" data-element_type=\"container\">\n\t\t\t\t\t<div class=\"e-con-inner\">\n\t\t\t\t<div class=\"elementor-element elementor-element-1d10ff4 elementor-widget elementor-widget-heading\" data-id=\"1d10ff4\" data-element_type=\"widget\" data-widget_type=\"heading.default\">\n\t\t\t\t<div class=\"elementor-widget-container\">\n\t\t\t\t\t<h2 class=\"elementor-heading-title elementor-size-default\">Contratos con el Gobierno Norte Americano<\/h2>\t\t\t\t<\/div>\n\t\t\t\t<\/div>\n\t\t\t\t\t<\/div>\n\t\t\t\t<\/div>\n\t\t<div class=\"elementor-element elementor-element-7701421 e-con-full e-flex e-con e-parent\" data-id=\"7701421\" data-element_type=\"container\">\n\t\t<div class=\"elementor-element elementor-element-41cf7a4 e-con-full e-flex e-con e-child\" data-id=\"41cf7a4\" data-element_type=\"container\">\n\t\t\t\t<div class=\"elementor-element elementor-element-94b553a elementor-widget elementor-widget-image\" data-id=\"94b553a\" data-element_type=\"widget\" data-widget_type=\"image.default\">\n\t\t\t\t<div class=\"elementor-widget-container\">\n\t\t\t\t\t\t\t\t\t\t\t\t\t\t\t<img fetchpriority=\"high\" decoding=\"async\" width=\"640\" height=\"214\" src=\"https:\/\/mastergssus.com\/wp-content\/uploads\/2024\/06\/BOTON-2-1024x343.jpg\" class=\"elementor-animation-grow attachment-large size-large wp-image-3506\" alt=\"\" srcset=\"https:\/\/mastergssus.com\/wp-content\/uploads\/2024\/06\/BOTON-2-1024x343.jpg 1024w, https:\/\/mastergssus.com\/wp-content\/uploads\/2024\/06\/BOTON-2-300x100.jpg 300w, https:\/\/mastergssus.com\/wp-content\/uploads\/2024\/06\/BOTON-2-768x257.jpg 768w, https:\/\/mastergssus.com\/wp-content\/uploads\/2024\/06\/BOTON-2.jpg 1219w\" sizes=\"(max-width: 640px) 100vw, 640px\" \/>\t\t\t\t\t\t\t\t\t\t\t\t\t\t\t<\/div>\n\t\t\t\t<\/div>\n\t\t\t\t<div class=\"elementor-element elementor-element-ce48ba6 elementor-widget elementor-widget-heading\" data-id=\"ce48ba6\" data-element_type=\"widget\" data-widget_type=\"heading.default\">\n\t\t\t\t<div class=\"elementor-widget-container\">\n\t\t\t\t\t<h2 class=\"elementor-heading-title elementor-size-default\">Proporcionar T\u00e9cnicos Electr\u00f3nicos Biling\u00fces, Obreros, Asistentes de Log\u00edstica, Cocineros y Expertos en Datos Biling\u00fces.<\/h2>\t\t\t\t<\/div>\n\t\t\t\t<\/div>\n\t\t\t\t<div class=\"elementor-element elementor-element-9098c3e elementor-widget elementor-widget-image\" data-id=\"9098c3e\" data-element_type=\"widget\" data-widget_type=\"image.default\">\n\t\t\t\t<div class=\"elementor-widget-container\">\n\t\t\t\t\t\t\t\t\t\t\t\t\t\t\t<img decoding=\"async\" width=\"640\" height=\"214\" src=\"https:\/\/mastergssus.com\/wp-content\/uploads\/2024\/06\/BOTON-3-1024x343.jpg\" class=\"elementor-animation-grow attachment-large size-large wp-image-3507\" alt=\"\" srcset=\"https:\/\/mastergssus.com\/wp-content\/uploads\/2024\/06\/BOTON-3-1024x343.jpg 1024w, https:\/\/mastergssus.com\/wp-content\/uploads\/2024\/06\/BOTON-3-300x100.jpg 300w, https:\/\/mastergssus.com\/wp-content\/uploads\/2024\/06\/BOTON-3-768x257.jpg 768w, https:\/\/mastergssus.com\/wp-content\/uploads\/2024\/06\/BOTON-3.jpg 1219w\" sizes=\"(max-width: 640px) 100vw, 640px\" \/>\t\t\t\t\t\t\t\t\t\t\t\t\t\t\t<\/div>\n\t\t\t\t<\/div>\n\t\t\t\t<div class=\"elementor-element elementor-element-ba2de33 elementor-widget elementor-widget-heading\" data-id=\"ba2de33\" data-element_type=\"widget\" data-widget_type=\"heading.default\">\n\t\t\t\t<div class=\"elementor-widget-container\">\n\t\t\t\t\t<h2 class=\"elementor-heading-title elementor-size-default\">Proporcionar T\u00e9cnicos\nElectr\u00f3nicos Biling\u00fces,\nTrabajadores, Auxiliares\nLog\u00edsticos, Cocineros y\nExpertos en Datos Biling\u00fces.<\/h2>\t\t\t\t<\/div>\n\t\t\t\t<\/div>\n\t\t\t\t<\/div>\n\t\t<div class=\"elementor-element elementor-element-172c50d e-con-full e-flex e-con e-child\" data-id=\"172c50d\" data-element_type=\"container\">\n\t\t\t\t<div class=\"elementor-element elementor-element-576c4ff elementor-widget elementor-widget-image\" data-id=\"576c4ff\" data-element_type=\"widget\" data-widget_type=\"image.default\">\n\t\t\t\t<div class=\"elementor-widget-container\">\n\t\t\t\t\t\t\t\t\t\t\t\t\t\t\t<img decoding=\"async\" width=\"640\" height=\"214\" src=\"https:\/\/mastergssus.com\/wp-content\/uploads\/2024\/06\/BOTON-3-1024x343.jpg\" class=\"elementor-animation-grow attachment-large size-large wp-image-3507\" alt=\"\" srcset=\"https:\/\/mastergssus.com\/wp-content\/uploads\/2024\/06\/BOTON-3-1024x343.jpg 1024w, https:\/\/mastergssus.com\/wp-content\/uploads\/2024\/06\/BOTON-3-300x100.jpg 300w, https:\/\/mastergssus.com\/wp-content\/uploads\/2024\/06\/BOTON-3-768x257.jpg 768w, https:\/\/mastergssus.com\/wp-content\/uploads\/2024\/06\/BOTON-3.jpg 1219w\" sizes=\"(max-width: 640px) 100vw, 640px\" \/>\t\t\t\t\t\t\t\t\t\t\t\t\t\t\t<\/div>\n\t\t\t\t<\/div>\n\t\t\t\t<div class=\"elementor-element elementor-element-133e0dd elementor-widget elementor-widget-heading\" data-id=\"133e0dd\" data-element_type=\"widget\" data-widget_type=\"heading.default\">\n\t\t\t\t<div class=\"elementor-widget-container\">\n\t\t\t\t\t<h2 class=\"elementor-heading-title elementor-size-default\">To provide\nfuels (Diesel and\nGasoline) for 6 seasons,\nusing tanker trucks\nand tanker planes.<\/h2>\t\t\t\t<\/div>\n\t\t\t\t<\/div>\n\t\t\t\t<\/div>\n\t\t\t\t<\/div>\n\t\t<div class=\"elementor-element elementor-element-cb2543d e-flex e-con-boxed e-con e-parent\" data-id=\"cb2543d\" data-element_type=\"container\">\n\t\t\t\t\t<div class=\"e-con-inner\">\n\t\t\t\t\t<\/div>\n\t\t\t\t<\/div>\n\t\t<div class=\"elementor-element elementor-element-d75a949 e-flex e-con-boxed e-con e-parent\" data-id=\"d75a949\" data-element_type=\"container\">\n\t\t\t\t\t<div class=\"e-con-inner\">\n\t\t\t\t<div class=\"elementor-element elementor-element-e22fe29 elementor-widget elementor-widget-heading\" data-id=\"e22fe29\" data-element_type=\"widget\" data-widget_type=\"heading.default\">\n\t\t\t\t<div class=\"elementor-widget-container\">\n\t\t\t\t\t<h2 class=\"elementor-heading-title elementor-size-default\">Otros contratos<\/h2>\t\t\t\t<\/div>\n\t\t\t\t<\/div>\n\t\t\t\t\t<\/div>\n\t\t\t\t<\/div>\n\t\t<div class=\"elementor-element elementor-element-07620eb e-grid e-con-boxed e-con e-parent\" data-id=\"07620eb\" data-element_type=\"container\">\n\t\t\t\t\t<div class=\"e-con-inner\">\n\t\t\t\t<div class=\"elementor-element elementor-element-1d38bc1 elementor-widget elementor-widget-image\" data-id=\"1d38bc1\" data-element_type=\"widget\" data-widget_type=\"image.default\">\n\t\t\t\t<div class=\"elementor-widget-container\">\n\t\t\t\t\t\t\t\t\t\t\t\t\t\t\t<img decoding=\"async\" width=\"640\" height=\"214\" src=\"https:\/\/mastergssus.com\/wp-content\/uploads\/2024\/06\/BOTON-4-1024x343.jpg\" class=\"elementor-animation-grow attachment-large size-large wp-image-3508\" alt=\"\" srcset=\"https:\/\/mastergssus.com\/wp-content\/uploads\/2024\/06\/BOTON-4-1024x343.jpg 1024w, https:\/\/mastergssus.com\/wp-content\/uploads\/2024\/06\/BOTON-4-300x100.jpg 300w, https:\/\/mastergssus.com\/wp-content\/uploads\/2024\/06\/BOTON-4-768x257.jpg 768w, https:\/\/mastergssus.com\/wp-content\/uploads\/2024\/06\/BOTON-4.jpg 1219w\" sizes=\"(max-width: 640px) 100vw, 640px\" \/>\t\t\t\t\t\t\t\t\t\t\t\t\t\t\t<\/div>\n\t\t\t\t<\/div>\n\t\t\t\t<div class=\"elementor-element elementor-element-3040bb5 elementor-widget elementor-widget-image\" data-id=\"3040bb5\" data-element_type=\"widget\" data-widget_type=\"image.default\">\n\t\t\t\t<div class=\"elementor-widget-container\">\n\t\t\t\t\t\t\t\t\t\t\t\t\t\t\t<img loading=\"lazy\" decoding=\"async\" width=\"640\" height=\"214\" src=\"https:\/\/mastergssus.com\/wp-content\/uploads\/2024\/07\/BOTON-6-1024x343.jpg\" class=\"elementor-animation-grow attachment-large size-large wp-image-3607\" alt=\"\" srcset=\"https:\/\/mastergssus.com\/wp-content\/uploads\/2024\/07\/BOTON-6-1024x343.jpg 1024w, https:\/\/mastergssus.com\/wp-content\/uploads\/2024\/07\/BOTON-6-300x100.jpg 300w, https:\/\/mastergssus.com\/wp-content\/uploads\/2024\/07\/BOTON-6-768x257.jpg 768w, https:\/\/mastergssus.com\/wp-content\/uploads\/2024\/07\/BOTON-6.jpg 1219w\" sizes=\"(max-width: 640px) 100vw, 640px\" \/>\t\t\t\t\t\t\t\t\t\t\t\t\t\t\t<\/div>\n\t\t\t\t<\/div>\n\t\t\t\t<div class=\"elementor-element elementor-element-f42b74c elementor-widget elementor-widget-image\" data-id=\"f42b74c\" data-element_type=\"widget\" data-widget_type=\"image.default\">\n\t\t\t\t<div class=\"elementor-widget-container\">\n\t\t\t\t\t\t\t\t\t\t\t\t\t\t\t<img loading=\"lazy\" decoding=\"async\" width=\"640\" height=\"214\" src=\"https:\/\/mastergssus.com\/wp-content\/uploads\/2024\/06\/BOTON-1-1024x343.jpg\" class=\"elementor-animation-grow attachment-large size-large wp-image-3505\" alt=\"\" srcset=\"https:\/\/mastergssus.com\/wp-content\/uploads\/2024\/06\/BOTON-1-1024x343.jpg 1024w, https:\/\/mastergssus.com\/wp-content\/uploads\/2024\/06\/BOTON-1-300x100.jpg 300w, https:\/\/mastergssus.com\/wp-content\/uploads\/2024\/06\/BOTON-1-768x257.jpg 768w, https:\/\/mastergssus.com\/wp-content\/uploads\/2024\/06\/BOTON-1.jpg 1219w\" sizes=\"(max-width: 640px) 100vw, 640px\" \/>\t\t\t\t\t\t\t\t\t\t\t\t\t\t\t<\/div>\n\t\t\t\t<\/div>\n\t\t\t\t<div class=\"elementor-element elementor-element-4bfb8de elementor-widget elementor-widget-image\" data-id=\"4bfb8de\" data-element_type=\"widget\" data-widget_type=\"image.default\">\n\t\t\t\t<div class=\"elementor-widget-container\">\n\t\t\t\t\t\t\t\t\t\t\t\t\t\t\t<img loading=\"lazy\" decoding=\"async\" width=\"640\" height=\"214\" src=\"https:\/\/mastergssus.com\/wp-content\/uploads\/2024\/07\/BOTON-5-1024x343.jpg\" class=\"elementor-animation-grow attachment-large size-large wp-image-3608\" alt=\"\" srcset=\"https:\/\/mastergssus.com\/wp-content\/uploads\/2024\/07\/BOTON-5-1024x343.jpg 1024w, https:\/\/mastergssus.com\/wp-content\/uploads\/2024\/07\/BOTON-5-300x100.jpg 300w, https:\/\/mastergssus.com\/wp-content\/uploads\/2024\/07\/BOTON-5-768x257.jpg 768w, https:\/\/mastergssus.com\/wp-content\/uploads\/2024\/07\/BOTON-5.jpg 1219w\" sizes=\"(max-width: 640px) 100vw, 640px\" \/>\t\t\t\t\t\t\t\t\t\t\t\t\t\t\t<\/div>\n\t\t\t\t<\/div>\n\t\t\t\t<div class=\"elementor-element elementor-element-8f35975 elementor-widget elementor-widget-image\" data-id=\"8f35975\" data-element_type=\"widget\" data-widget_type=\"image.default\">\n\t\t\t\t<div class=\"elementor-widget-container\">\n\t\t\t\t\t\t\t\t\t\t\t\t\t\t\t<img loading=\"lazy\" decoding=\"async\" width=\"640\" height=\"214\" src=\"https:\/\/mastergssus.com\/wp-content\/uploads\/2024\/07\/BOTON-7-1024x343.jpg\" class=\"elementor-animation-grow attachment-large size-large wp-image-3609\" alt=\"\" srcset=\"https:\/\/mastergssus.com\/wp-content\/uploads\/2024\/07\/BOTON-7-1024x343.jpg 1024w, https:\/\/mastergssus.com\/wp-content\/uploads\/2024\/07\/BOTON-7-300x100.jpg 300w, https:\/\/mastergssus.com\/wp-content\/uploads\/2024\/07\/BOTON-7-768x257.jpg 768w, https:\/\/mastergssus.com\/wp-content\/uploads\/2024\/07\/BOTON-7.jpg 1219w\" sizes=\"(max-width: 640px) 100vw, 640px\" \/>\t\t\t\t\t\t\t\t\t\t\t\t\t\t\t<\/div>\n\t\t\t\t<\/div>\n\t\t\t\t<div class=\"elementor-element elementor-element-c42c762 elementor-widget elementor-widget-image\" data-id=\"c42c762\" data-element_type=\"widget\" data-widget_type=\"image.default\">\n\t\t\t\t<div class=\"elementor-widget-container\">\n\t\t\t\t\t\t\t\t\t\t\t\t\t\t\t<img loading=\"lazy\" decoding=\"async\" width=\"640\" height=\"214\" src=\"https:\/\/mastergssus.com\/wp-content\/uploads\/2024\/07\/BOTON-81-1024x343.jpg\" class=\"elementor-animation-grow attachment-large size-large wp-image-3642\" alt=\"\" srcset=\"https:\/\/mastergssus.com\/wp-content\/uploads\/2024\/07\/BOTON-81-1024x343.jpg 1024w, https:\/\/mastergssus.com\/wp-content\/uploads\/2024\/07\/BOTON-81-300x100.jpg 300w, https:\/\/mastergssus.com\/wp-content\/uploads\/2024\/07\/BOTON-81-768x257.jpg 768w, https:\/\/mastergssus.com\/wp-content\/uploads\/2024\/07\/BOTON-81.jpg 1219w\" sizes=\"(max-width: 640px) 100vw, 640px\" \/>\t\t\t\t\t\t\t\t\t\t\t\t\t\t\t<\/div>\n\t\t\t\t<\/div>\n\t\t\t\t\t<\/div>\n\t\t\t\t<\/div>\n\t\t<div class=\"elementor-element elementor-element-07fa340 e-flex e-con-boxed e-con e-parent\" data-id=\"07fa340\" data-element_type=\"container\">\n\t\t\t\t\t<div class=\"e-con-inner\">\n\t\t\t\t\t<\/div>\n\t\t\t\t<\/div>\n\t\t<div class=\"elementor-element elementor-element-43a9f4e e-flex e-con-boxed e-con e-parent\" data-id=\"43a9f4e\" data-element_type=\"container\">\n\t\t\t\t\t<div class=\"e-con-inner\">\n\t\t\t\t<div class=\"elementor-element elementor-element-40f1384 elementor-widget elementor-widget-heading\" data-id=\"40f1384\" data-element_type=\"widget\" data-widget_type=\"heading.default\">\n\t\t\t\t<div class=\"elementor-widget-container\">\n\t\t\t\t\t<h2 class=\"elementor-heading-title elementor-size-default\">ALGUNOS DE NUESTROS CLIENTES<\/h2>\t\t\t\t<\/div>\n\t\t\t\t<\/div>\n\t\t\t\t<div class=\"elementor-element elementor-element-84f866c elementor-widget elementor-widget-image\" data-id=\"84f866c\" data-element_type=\"widget\" data-widget_type=\"image.default\">\n\t\t\t\t<div class=\"elementor-widget-container\">\n\t\t\t\t\t\t\t\t\t\t\t\t\t\t\t<img loading=\"lazy\" decoding=\"async\" width=\"640\" height=\"112\" src=\"https:\/\/mastergssus.com\/wp-content\/uploads\/2024\/06\/logos-1024x179.png\" class=\"attachment-large size-large wp-image-3494\" alt=\"\" srcset=\"https:\/\/mastergssus.com\/wp-content\/uploads\/2024\/06\/logos-1024x179.png 1024w, https:\/\/mastergssus.com\/wp-content\/uploads\/2024\/06\/logos-300x52.png 300w, https:\/\/mastergssus.com\/wp-content\/uploads\/2024\/06\/logos-768x134.png 768w, https:\/\/mastergssus.com\/wp-content\/uploads\/2024\/06\/logos-1536x268.png 1536w, https:\/\/mastergssus.com\/wp-content\/uploads\/2024\/06\/logos.png 1785w\" sizes=\"(max-width: 640px) 100vw, 640px\" \/>\t\t\t\t\t\t\t\t\t\t\t\t\t\t\t<\/div>\n\t\t\t\t<\/div>\n\t\t\t\t\t<\/div>\n\t\t\t\t<\/div>\n\t\t<div class=\"elementor-element elementor-element-7f13de5 e-flex e-con-boxed e-con e-parent\" data-id=\"7f13de5\" data-element_type=\"container\">\n\t\t\t\t\t<div class=\"e-con-inner\">\n\t\t\t\t\t<\/div>\n\t\t\t\t<\/div>\n\t\t\t\t<\/div>","protected":false},"excerpt":{"rendered":"<p>Contracts with the North American Government To provide Bilingual Electronic Technicians, Laborers, Logistics Assistants, Cooks and Bilingual Data Experts To provide technicians Bilingual Electronics, Workers, Assistants Logistics, Cooks and Bilingual Data Experts. To provide fuels (Diesel and Gasoline) for 6 seasons, using tanker trucks and tanker planes. Other contracts SOME OF OUR CUSTOMERS<\/p>","protected":false},"author":1,"featured_media":0,"parent":0,"menu_order":0,"comment_status":"closed","ping_status":"closed","template":"","meta":{"_monsterinsights_skip_tracking":false,"_monsterinsights_sitenote_active":false,"_monsterinsights_sitenote_note":"","_monsterinsights_sitenote_category":0,"footnotes":""},"aioseo_notices":[],"_links":{"self":[{"href":"https:\/\/mastergssus.com\/es\/wp-json\/wp\/v2\/pages\/961"}],"collection":[{"href":"https:\/\/mastergssus.com\/es\/wp-json\/wp\/v2\/pages"}],"about":[{"href":"https:\/\/mastergssus.com\/es\/wp-json\/wp\/v2\/types\/page"}],"author":[{"embeddable":true,"href":"https:\/\/mastergssus.com\/es\/wp-json\/wp\/v2\/users\/1"}],"replies":[{"embeddable":true,"href":"https:\/\/mastergssus.com\/es\/wp-json\/wp\/v2\/comments?post=961"}],"version-history":[{"count":50,"href":"https:\/\/mastergssus.com\/es\/wp-json\/wp\/v2\/pages\/961\/revisions"}],"predecessor-version":[{"id":3645,"href":"https:\/\/mastergssus.com\/es\/wp-json\/wp\/v2\/pages\/961\/revisions\/3645"}],"wp:attachment":[{"href":"https:\/\/mastergssus.com\/es\/wp-json\/wp\/v2\/media?parent=961"}],"curies":[{"name":"wp","href":"https:\/\/api.w.org\/{rel}","templated":true}]}}