{"id":882,"date":"2019-07-12T08:19:27","date_gmt":"2019-07-12T08:19:27","guid":{"rendered":"http:\/\/localhost\/bigger\/?page_id=882"},"modified":"2024-07-12T16:27:50","modified_gmt":"2024-07-12T21:27:50","slug":"services","status":"publish","type":"page","link":"https:\/\/mastergssus.com\/es\/services\/","title":{"rendered":"SERVICIOS"},"content":{"rendered":"<div data-elementor-type=\"wp-post\" data-elementor-id=\"882\" class=\"elementor elementor-882\">\n\t\t\t\t<div class=\"elementor-element elementor-element-894d4d9 e-flex e-con-boxed e-con e-parent\" data-id=\"894d4d9\" data-element_type=\"container\">\n\t\t\t\t\t<div class=\"e-con-inner\">\n\t\t\t\t\t<\/div>\n\t\t\t\t<\/div>\n\t\t<div class=\"elementor-element elementor-element-3e275dd e-flex e-con-boxed e-con e-parent\" data-id=\"3e275dd\" data-element_type=\"container\">\n\t\t\t\t\t<div class=\"e-con-inner\">\n\t\t<div class=\"elementor-element elementor-element-fb19d44 e-con-full e-flex e-con e-child\" data-id=\"fb19d44\" data-element_type=\"container\">\n\t\t\t\t<div class=\"elementor-element elementor-element-59d61e9 elementor-widget elementor-widget-heading\" data-id=\"59d61e9\" data-element_type=\"widget\" data-widget_type=\"heading.default\">\n\t\t\t\t<div class=\"elementor-widget-container\">\n\t\t\t\t\t<h2 class=\"elementor-heading-title elementor-size-default\">Suministro de piezas de aviaci\u00f3n<\/h2>\t\t\t\t<\/div>\n\t\t\t\t<\/div>\n\t\t<div class=\"elementor-element elementor-element-0ee174b e-con-full e-flex e-con e-child\" data-id=\"0ee174b\" data-element_type=\"container\">\n\t\t\t\t<div class=\"elementor-element elementor-element-46ea280 elementor-widget elementor-widget-heading\" data-id=\"46ea280\" data-element_type=\"widget\" data-widget_type=\"heading.default\">\n\t\t\t\t<div class=\"elementor-widget-container\">\n\t\t\t\t\t<h2 class=\"elementor-heading-title elementor-size-default\">Ofrecemos una amplia gama de avi\u00f3nica reacondicionada y nueva, repuestos de aviaci\u00f3n y art\u00edculos excedentes seg\u00fan sea necesario y para beneficio de nuestros clientes y usuarios finales.\nMaster GSS USA garantiza transacciones eficientes y transparentes para cada cliente. Obtenemos todo tipo de componentes, ejes, h\u00e9lices, motores, consumibles, trenes de aterrizaje, unidades de potencia auxiliares y herramientas para todo tipo de aeronaves, incluidas aeronaves militares y no militares y helic\u00f3pteros.\n<\/h2>\t\t\t\t<\/div>\n\t\t\t\t<\/div>\n\t\t\t\t<\/div>\n\t\t\t\t<\/div>\n\t\t\t\t<div class=\"elementor-element elementor-element-04ede11 elementor-widget__width-initial elementor-widget-mobile__width-initial elementor-widget elementor-widget-image\" data-id=\"04ede11\" data-element_type=\"widget\" data-widget_type=\"image.default\">\n\t\t\t\t<div class=\"elementor-widget-container\">\n\t\t\t\t\t\t\t\t\t\t\t\t\t\t\t<img fetchpriority=\"high\" decoding=\"async\" width=\"640\" height=\"428\" src=\"https:\/\/mastergssus.com\/wp-content\/uploads\/2024\/07\/foto-4-1-1024x685.jpg\" class=\"attachment-large size-large wp-image-3646\" alt=\"\" srcset=\"https:\/\/mastergssus.com\/wp-content\/uploads\/2024\/07\/foto-4-1-1024x685.jpg 1024w, https:\/\/mastergssus.com\/wp-content\/uploads\/2024\/07\/foto-4-1-300x201.jpg 300w, https:\/\/mastergssus.com\/wp-content\/uploads\/2024\/07\/foto-4-1-768x514.jpg 768w, https:\/\/mastergssus.com\/wp-content\/uploads\/2024\/07\/foto-4-1.jpg 1398w\" sizes=\"(max-width: 640px) 100vw, 640px\" \/>\t\t\t\t\t\t\t\t\t\t\t\t\t\t\t<\/div>\n\t\t\t\t<\/div>\n\t\t\t\t\t<\/div>\n\t\t\t\t<\/div>\n\t\t<div class=\"elementor-element elementor-element-0c54c90 e-flex e-con-boxed e-con e-parent\" data-id=\"0c54c90\" data-element_type=\"container\">\n\t\t\t\t\t<div class=\"e-con-inner\">\n\t\t\t\t\t<\/div>\n\t\t\t\t<\/div>\n\t\t<div class=\"elementor-element elementor-element-6d96dee e-flex e-con-boxed e-con e-parent\" data-id=\"6d96dee\" data-element_type=\"container\">\n\t\t\t\t\t<div class=\"e-con-inner\">\n\t\t\t\t<div class=\"elementor-element elementor-element-4a5bab6 elementor-widget__width-initial elementor-widget-mobile__width-initial elementor-widget elementor-widget-image\" data-id=\"4a5bab6\" data-element_type=\"widget\" data-widget_type=\"image.default\">\n\t\t\t\t<div class=\"elementor-widget-container\">\n\t\t\t\t\t\t\t\t\t\t\t\t\t\t\t<img decoding=\"async\" width=\"1398\" height=\"935\" src=\"https:\/\/mastergssus.com\/wp-content\/uploads\/2024\/06\/foto-61.jpg\" class=\"attachment-full size-full wp-image-3474\" alt=\"\" srcset=\"https:\/\/mastergssus.com\/wp-content\/uploads\/2024\/06\/foto-61.jpg 1398w, https:\/\/mastergssus.com\/wp-content\/uploads\/2024\/06\/foto-61-300x201.jpg 300w, https:\/\/mastergssus.com\/wp-content\/uploads\/2024\/06\/foto-61-1024x685.jpg 1024w, https:\/\/mastergssus.com\/wp-content\/uploads\/2024\/06\/foto-61-768x514.jpg 768w\" sizes=\"(max-width: 1398px) 100vw, 1398px\" \/>\t\t\t\t\t\t\t\t\t\t\t\t\t\t\t<\/div>\n\t\t\t\t<\/div>\n\t\t<div class=\"elementor-element elementor-element-5b9e404 e-con-full e-flex e-con e-child\" data-id=\"5b9e404\" data-element_type=\"container\">\n\t\t\t\t<div class=\"elementor-element elementor-element-96195b4 elementor-widget elementor-widget-heading\" data-id=\"96195b4\" data-element_type=\"widget\" data-widget_type=\"heading.default\">\n\t\t\t\t<div class=\"elementor-widget-container\">\n\t\t\t\t\t<h2 class=\"elementor-heading-title elementor-size-default\">Aviation Repair &amp; Engineering<\/h2>\t\t\t\t<\/div>\n\t\t\t\t<\/div>\n\t\t<div class=\"elementor-element elementor-element-fb156a6 e-con-full e-flex e-con e-child\" data-id=\"fb156a6\" data-element_type=\"container\">\n\t\t\t\t<div class=\"elementor-element elementor-element-039886d elementor-widget elementor-widget-heading\" data-id=\"039886d\" data-element_type=\"widget\" data-widget_type=\"heading.default\">\n\t\t\t\t<div class=\"elementor-widget-container\">\n\t\t\t\t\t<h2 class=\"elementor-heading-title elementor-size-default\">Master GSS USA ofrece, a trav\u00e9s de nuestros reconocidos socios, servicios confiables de reparaci\u00f3n y revisi\u00f3n de aeronaves aprobados por la FAA y otras agencias de aviaci\u00f3n, para garantizar que la seguridad, el rendimiento y la aeronavegabilidad de su equipo est\u00e9n protegidos y cumplan con las normas en todo momento.\nMaster GSS USA asumir\u00e1 la obligaci\u00f3n de extremo a extremo de gestionar los requisitos de mantenimiento de nuestros clientes mediante la gesti\u00f3n de una instalaci\u00f3n de terceros debidamente autorizada.\nMaster GSS USA y sus socios solo trabajan con fabricantes de equipos originales (OEM) e instalaciones de MRO autorizadas en los EE. UU. y en todo el mundo.\n<\/h2>\t\t\t\t<\/div>\n\t\t\t\t<\/div>\n\t\t\t\t<\/div>\n\t\t\t\t<\/div>\n\t\t\t\t\t<\/div>\n\t\t\t\t<\/div>\n\t\t<div class=\"elementor-element elementor-element-a3e1c1f e-flex e-con-boxed e-con e-parent\" data-id=\"a3e1c1f\" data-element_type=\"container\">\n\t\t\t\t\t<div class=\"e-con-inner\">\n\t\t\t\t\t<\/div>\n\t\t\t\t<\/div>\n\t\t<div class=\"elementor-element elementor-element-353031e e-flex e-con-boxed e-con e-parent\" data-id=\"353031e\" data-element_type=\"container\">\n\t\t\t\t\t<div class=\"e-con-inner\">\n\t\t<div class=\"elementor-element elementor-element-7020018 e-con-full e-flex e-con e-child\" data-id=\"7020018\" data-element_type=\"container\">\n\t\t\t\t<div class=\"elementor-element elementor-element-25f150c elementor-widget elementor-widget-heading\" data-id=\"25f150c\" data-element_type=\"widget\" data-widget_type=\"heading.default\">\n\t\t\t\t<div class=\"elementor-widget-container\">\n\t\t\t\t\t<h2 class=\"elementor-heading-title elementor-size-default\">Distribuci\u00f3n de equipos de apoyo terrestre.<\/h2>\t\t\t\t<\/div>\n\t\t\t\t<\/div>\n\t\t<div class=\"elementor-element elementor-element-35240cc e-con-full e-flex e-con e-child\" data-id=\"35240cc\" data-element_type=\"container\">\n\t\t\t\t<div class=\"elementor-element elementor-element-bf64795 elementor-widget elementor-widget-heading\" data-id=\"bf64795\" data-element_type=\"widget\" data-widget_type=\"heading.default\">\n\t\t\t\t<div class=\"elementor-widget-container\">\n\t\t\t\t\t<h2 class=\"elementor-heading-title elementor-size-default\">Master GSS USA ofrece soluciones completas de equipos de soporte terrestre (GSE) para aeronaves y aeropuertos para clientes de FBO, MRO, militares, aerol\u00edneas y aviaci\u00f3n general, desde TUGS, unidades de energ\u00eda terrestre (GPU), cargadores de carga, unidades de arranque, veh\u00edculos de agua\/Lav, cargadores de cinta, escaleras de pasajeros, calentadores, aires acondicionados hasta veh\u00edculos de retroceso. \u00a1Obtendremos todo el equipo necesario para garantizar que sus operaciones terrestres sean exitosas y seguras!<\/h2>\t\t\t\t<\/div>\n\t\t\t\t<\/div>\n\t\t\t\t<\/div>\n\t\t\t\t<\/div>\n\t\t\t\t<div class=\"elementor-element elementor-element-57d201b elementor-widget__width-initial elementor-widget-mobile__width-initial elementor-widget elementor-widget-image\" data-id=\"57d201b\" data-element_type=\"widget\" data-widget_type=\"image.default\">\n\t\t\t\t<div class=\"elementor-widget-container\">\n\t\t\t\t\t\t\t\t\t\t\t\t\t\t\t<img decoding=\"async\" width=\"640\" height=\"660\" src=\"https:\/\/mastergssus.com\/wp-content\/uploads\/2024\/06\/foto-9-993x1024.jpg\" class=\"attachment-large size-large wp-image-3488\" alt=\"\" srcset=\"https:\/\/mastergssus.com\/wp-content\/uploads\/2024\/06\/foto-9-993x1024.jpg 993w, https:\/\/mastergssus.com\/wp-content\/uploads\/2024\/06\/foto-9-291x300.jpg 291w, https:\/\/mastergssus.com\/wp-content\/uploads\/2024\/06\/foto-9-768x792.jpg 768w, https:\/\/mastergssus.com\/wp-content\/uploads\/2024\/06\/foto-9.jpg 1398w\" sizes=\"(max-width: 640px) 100vw, 640px\" \/>\t\t\t\t\t\t\t\t\t\t\t\t\t\t\t<\/div>\n\t\t\t\t<\/div>\n\t\t\t\t\t<\/div>\n\t\t\t\t<\/div>\n\t\t<div class=\"elementor-element elementor-element-f86ef9f e-flex e-con-boxed e-con e-parent\" data-id=\"f86ef9f\" data-element_type=\"container\">\n\t\t\t\t\t<div class=\"e-con-inner\">\n\t\t\t\t\t<\/div>\n\t\t\t\t<\/div>\n\t\t<div class=\"elementor-element elementor-element-1fb815a e-flex e-con-boxed e-con e-parent\" data-id=\"1fb815a\" data-element_type=\"container\">\n\t\t\t\t\t<div class=\"e-con-inner\">\n\t\t\t\t<div class=\"elementor-element elementor-element-f15ecf3 elementor-widget__width-initial elementor-widget-mobile__width-initial elementor-widget elementor-widget-image\" data-id=\"f15ecf3\" data-element_type=\"widget\" data-widget_type=\"image.default\">\n\t\t\t\t<div class=\"elementor-widget-container\">\n\t\t\t\t\t\t\t\t\t\t\t\t\t\t\t<img loading=\"lazy\" decoding=\"async\" width=\"1398\" height=\"1742\" src=\"https:\/\/mastergssus.com\/wp-content\/uploads\/2024\/06\/foto-8.jpg\" class=\"attachment-full size-full wp-image-3486\" alt=\"\" srcset=\"https:\/\/mastergssus.com\/wp-content\/uploads\/2024\/06\/foto-8.jpg 1398w, https:\/\/mastergssus.com\/wp-content\/uploads\/2024\/06\/foto-8-241x300.jpg 241w, https:\/\/mastergssus.com\/wp-content\/uploads\/2024\/06\/foto-8-822x1024.jpg 822w, https:\/\/mastergssus.com\/wp-content\/uploads\/2024\/06\/foto-8-768x957.jpg 768w, https:\/\/mastergssus.com\/wp-content\/uploads\/2024\/06\/foto-8-1233x1536.jpg 1233w\" sizes=\"(max-width: 1398px) 100vw, 1398px\" \/>\t\t\t\t\t\t\t\t\t\t\t\t\t\t\t<\/div>\n\t\t\t\t<\/div>\n\t\t<div class=\"elementor-element elementor-element-62a7631 e-con-full e-flex e-con e-child\" data-id=\"62a7631\" data-element_type=\"container\">\n\t\t\t\t<div class=\"elementor-element elementor-element-952a8e0 elementor-widget elementor-widget-heading\" data-id=\"952a8e0\" data-element_type=\"widget\" data-widget_type=\"heading.default\">\n\t\t\t\t<div class=\"elementor-widget-container\">\n\t\t\t\t\t<h2 class=\"elementor-heading-title elementor-size-default\">Adquisici\u00f3n de equipos t\u00e1cticos y no t\u00e1cticos<\/h2>\t\t\t\t<\/div>\n\t\t\t\t<\/div>\n\t\t<div class=\"elementor-element elementor-element-39c9df9 e-con-full e-flex e-con e-child\" data-id=\"39c9df9\" data-element_type=\"container\">\n\t\t\t\t<div class=\"elementor-element elementor-element-2c45e50 elementor-widget elementor-widget-heading\" data-id=\"2c45e50\" data-element_type=\"widget\" data-widget_type=\"heading.default\">\n\t\t\t\t<div class=\"elementor-widget-container\">\n\t\t\t\t\t<h2 class=\"elementor-heading-title elementor-size-default\">Master GSS USA se centra en soluciones de adquisici\u00f3n t\u00e1cticas y estrat\u00e9gicas de equipos, equipos y equipos militares avanzados para el \u00e9xito de su misi\u00f3n.\nTenemos alianzas con fabricantes en los EE. UU. y en todo el mundo para ofrecer bienes y servicios rentables sin comprometer la calidad.\nAyudamos a cada cliente con sus requisitos de abastecimiento y nos involucramos en un proceso de investigaci\u00f3n \"en profundidad\" con \u00e9nfasis en construir relaciones s\u00f3lidas con los proveedores y lograr mejores resultados a trav\u00e9s de contratos a largo plazo y precios por volumen para el beneficio de cada cliente respaldado.\n\"Nuestros m\u00e9todos identifican las necesidades de cada cliente o proyecto y definen el mejor enfoque de requisitos para hacer avanzar su misi\u00f3n\".<\/h2>\t\t\t\t<\/div>\n\t\t\t\t<\/div>\n\t\t\t\t<\/div>\n\t\t\t\t<\/div>\n\t\t\t\t\t<\/div>\n\t\t\t\t<\/div>\n\t\t\t\t<\/div>","protected":false},"excerpt":{"rendered":"<p>Aviation Parts Supply \/ Avionics We provide a wide range of re-conditioned and brand-new avionics, aviation spare parts and surplus items as required and on the benefit of our customers and end users. Master GSS USA ensures efficient and transparent transactions for each customer. We source all kind of components, hubs, propellers, engines, expendables, landing [&hellip;]<\/p>","protected":false},"author":1,"featured_media":0,"parent":0,"menu_order":0,"comment_status":"closed","ping_status":"closed","template":"","meta":{"_monsterinsights_skip_tracking":false,"_monsterinsights_sitenote_active":false,"_monsterinsights_sitenote_note":"","_monsterinsights_sitenote_category":0,"footnotes":""},"aioseo_notices":[],"_links":{"self":[{"href":"https:\/\/mastergssus.com\/es\/wp-json\/wp\/v2\/pages\/882"}],"collection":[{"href":"https:\/\/mastergssus.com\/es\/wp-json\/wp\/v2\/pages"}],"about":[{"href":"https:\/\/mastergssus.com\/es\/wp-json\/wp\/v2\/types\/page"}],"author":[{"embeddable":true,"href":"https:\/\/mastergssus.com\/es\/wp-json\/wp\/v2\/users\/1"}],"replies":[{"embeddable":true,"href":"https:\/\/mastergssus.com\/es\/wp-json\/wp\/v2\/comments?post=882"}],"version-history":[{"count":35,"href":"https:\/\/mastergssus.com\/es\/wp-json\/wp\/v2\/pages\/882\/revisions"}],"predecessor-version":[{"id":3649,"href":"https:\/\/mastergssus.com\/es\/wp-json\/wp\/v2\/pages\/882\/revisions\/3649"}],"wp:attachment":[{"href":"https:\/\/mastergssus.com\/es\/wp-json\/wp\/v2\/media?parent=882"}],"curies":[{"name":"wp","href":"https:\/\/api.w.org\/{rel}","templated":true}]}}