{"id":3542,"date":"2024-06-28T15:42:59","date_gmt":"2024-06-28T20:42:59","guid":{"rendered":"https:\/\/mastergssus.com\/?page_id=3542"},"modified":"2024-07-29T16:28:17","modified_gmt":"2024-07-29T21:28:17","slug":"about-us-2","status":"publish","type":"page","link":"https:\/\/mastergssus.com\/es\/about-us-2\/","title":{"rendered":"Nosotros"},"content":{"rendered":"<div data-elementor-type=\"wp-page\" data-elementor-id=\"3542\" class=\"elementor elementor-3542\">\n\t\t\t\t<div class=\"elementor-element elementor-element-1728cd5 e-flex e-con-boxed e-con e-parent\" data-id=\"1728cd5\" data-element_type=\"container\">\n\t\t\t\t\t<div class=\"e-con-inner\">\n\t\t<div class=\"elementor-element elementor-element-08bd1ec e-con-full e-flex e-con e-child\" data-id=\"08bd1ec\" data-element_type=\"container\">\n\t\t\t\t<div class=\"elementor-element elementor-element-ff154c8 elementor-widget__width-initial elementor-widget elementor-widget-image\" data-id=\"ff154c8\" data-element_type=\"widget\" data-widget_type=\"image.default\">\n\t\t\t\t<div class=\"elementor-widget-container\">\n\t\t\t\t\t\t\t\t\t\t\t\t\t\t\t<img fetchpriority=\"high\" decoding=\"async\" width=\"640\" height=\"580\" src=\"https:\/\/mastergssus.com\/wp-content\/uploads\/2024\/06\/H1.jpg\" class=\"elementor-animation-buzz-out attachment-large size-large wp-image-3565\" alt=\"\" srcset=\"https:\/\/mastergssus.com\/wp-content\/uploads\/2024\/06\/H1.jpg 893w, https:\/\/mastergssus.com\/wp-content\/uploads\/2024\/06\/H1-300x272.jpg 300w, https:\/\/mastergssus.com\/wp-content\/uploads\/2024\/06\/H1-768x696.jpg 768w\" sizes=\"(max-width: 640px) 100vw, 640px\" \/>\t\t\t\t\t\t\t\t\t\t\t\t\t\t\t<\/div>\n\t\t\t\t<\/div>\n\t\t\t\t<\/div>\n\t\t<div class=\"elementor-element elementor-element-b10ecd5 e-con-full e-flex e-con e-child\" data-id=\"b10ecd5\" data-element_type=\"container\">\n\t\t<div class=\"elementor-element elementor-element-9f3f937 e-con-full e-flex e-con e-child\" data-id=\"9f3f937\" data-element_type=\"container\">\n\t\t\t\t<div class=\"elementor-element elementor-element-0c506a1 elementor-widget elementor-widget-heading\" data-id=\"0c506a1\" data-element_type=\"widget\" data-widget_type=\"heading.default\">\n\t\t\t\t<div class=\"elementor-widget-container\">\n\t\t\t\t\t<h2 class=\"elementor-heading-title elementor-size-default\">Our organization drives mission success with world-class services, parts, goods, and training through our accelerated procurement experience and network. \nWe provide practical, substantial &amp; realistic solutions to solve any aviation maintenance and parts supply-related requirements but also with the most challenged procurement and logistic problems as needed.\nSi bien nos especializamos en la adquisici\u00f3n de bienes y servicios siguiendo los procedimientos de Adquisici\u00f3n Simplificado, contamos con un historial y capacidades demostrada para brindar servicios de calidad en todas las categor\u00edas de adquisici\u00f3n.\n<\/h2>\t\t\t\t<\/div>\n\t\t\t\t<\/div>\n\t\t\t\t<\/div>\n\t\t\t\t<\/div>\n\t\t\t\t\t<\/div>\n\t\t\t\t<\/div>\n\t\t<div class=\"elementor-element elementor-element-057e509 e-flex e-con-boxed e-con e-parent\" data-id=\"057e509\" data-element_type=\"container\">\n\t\t\t\t\t<div class=\"e-con-inner\">\n\t\t<div class=\"elementor-element elementor-element-5d077dd e-con-full e-flex e-con e-child\" data-id=\"5d077dd\" data-element_type=\"container\">\n\t\t\t\t<div class=\"elementor-element elementor-element-fe009b4 elementor-widget elementor-widget-image\" data-id=\"fe009b4\" data-element_type=\"widget\" data-widget_type=\"image.default\">\n\t\t\t\t<div class=\"elementor-widget-container\">\n\t\t\t\t\t\t\t\t\t\t\t\t\t\t\t<img decoding=\"async\" width=\"640\" height=\"580\" src=\"https:\/\/mastergssus.com\/wp-content\/uploads\/2024\/06\/Sin-titulo-1.jpg\" class=\"elementor-animation-buzz attachment-large size-large wp-image-3566\" alt=\"\" srcset=\"https:\/\/mastergssus.com\/wp-content\/uploads\/2024\/06\/Sin-titulo-1.jpg 893w, https:\/\/mastergssus.com\/wp-content\/uploads\/2024\/06\/Sin-titulo-1-300x272.jpg 300w, https:\/\/mastergssus.com\/wp-content\/uploads\/2024\/06\/Sin-titulo-1-768x696.jpg 768w\" sizes=\"(max-width: 640px) 100vw, 640px\" \/>\t\t\t\t\t\t\t\t\t\t\t\t\t\t\t<\/div>\n\t\t\t\t<\/div>\n\t\t\t\t<\/div>\n\t\t<div class=\"elementor-element elementor-element-567803e e-con-full e-flex e-con e-child\" data-id=\"567803e\" data-element_type=\"container\">\n\t\t<div class=\"elementor-element elementor-element-4ccf0cb e-con-full e-flex e-con e-child\" data-id=\"4ccf0cb\" data-element_type=\"container\">\n\t\t\t\t<div class=\"elementor-element elementor-element-b9eeabb elementor-widget elementor-widget-heading\" data-id=\"b9eeabb\" data-element_type=\"widget\" data-widget_type=\"heading.default\">\n\t\t\t\t<div class=\"elementor-widget-container\">\n\t\t\t\t\t<h2 class=\"elementor-heading-title elementor-size-default\">Utilice nuestra experiencia y capacidades para convertirnos en su socio m\u00e1s importante para adquisiciones globales y soluciones t\u00e9cnicas.<\/h2>\t\t\t\t<\/div>\n\t\t\t\t<\/div>\n\t\t\t\t<\/div>\n\t\t\t\t<\/div>\n\t\t\t\t\t<\/div>\n\t\t\t\t<\/div>\n\t\t<div class=\"elementor-element elementor-element-205e7ff e-flex e-con-boxed e-con e-parent\" data-id=\"205e7ff\" data-element_type=\"container\">\n\t\t\t\t\t<div class=\"e-con-inner\">\n\t\t<div class=\"elementor-element elementor-element-f5d738a e-con-full e-flex e-con e-child\" data-id=\"f5d738a\" data-element_type=\"container\">\n\t\t\t\t<div class=\"elementor-element elementor-element-3f5cfdd elementor-widget elementor-widget-image\" data-id=\"3f5cfdd\" data-element_type=\"widget\" data-widget_type=\"image.default\">\n\t\t\t\t<div class=\"elementor-widget-container\">\n\t\t\t\t\t\t\t\t\t\t\t\t\t\t\t<img decoding=\"async\" width=\"640\" height=\"580\" src=\"https:\/\/mastergssus.com\/wp-content\/uploads\/2024\/06\/H6.jpg\" class=\"elementor-animation-buzz-out attachment-large size-large wp-image-3567\" alt=\"\" srcset=\"https:\/\/mastergssus.com\/wp-content\/uploads\/2024\/06\/H6.jpg 893w, https:\/\/mastergssus.com\/wp-content\/uploads\/2024\/06\/H6-300x272.jpg 300w, https:\/\/mastergssus.com\/wp-content\/uploads\/2024\/06\/H6-768x696.jpg 768w\" sizes=\"(max-width: 640px) 100vw, 640px\" \/>\t\t\t\t\t\t\t\t\t\t\t\t\t\t\t<\/div>\n\t\t\t\t<\/div>\n\t\t\t\t<\/div>\n\t\t<div class=\"elementor-element elementor-element-2253bfd e-con-full e-flex e-con e-child\" data-id=\"2253bfd\" data-element_type=\"container\">\n\t\t<div class=\"elementor-element elementor-element-bafc0a4 e-con-full e-flex e-con e-child\" data-id=\"bafc0a4\" data-element_type=\"container\">\n\t\t\t\t<div class=\"elementor-element elementor-element-3c71ba8 elementor-widget elementor-widget-heading\" data-id=\"3c71ba8\" data-element_type=\"widget\" data-widget_type=\"heading.default\">\n\t\t\t\t<div class=\"elementor-widget-container\">\n\t\t\t\t\t<h2 class=\"elementor-heading-title elementor-size-default\">La puntualidad, la dedicaci\u00f3n y el sacrificio son las bases de nuestro trabajo, adem\u00e1s de la Responsabilidad, la Excelencia, la Igualdad, la Honestidad y la Experiencia.<\/h2>\t\t\t\t<\/div>\n\t\t\t\t<\/div>\n\t\t\t\t<\/div>\n\t\t\t\t<\/div>\n\t\t\t\t\t<\/div>\n\t\t\t\t<\/div>\n\t\t<div class=\"elementor-element elementor-element-57e417e e-flex e-con-boxed e-con e-parent\" data-id=\"57e417e\" data-element_type=\"container\">\n\t\t\t\t\t<div class=\"e-con-inner\">\n\t\t<div class=\"elementor-element elementor-element-c627972 e-con-full e-flex e-con e-child\" data-id=\"c627972\" data-element_type=\"container\">\n\t\t\t\t<div class=\"elementor-element elementor-element-3494774 elementor-widget elementor-widget-image\" data-id=\"3494774\" data-element_type=\"widget\" data-widget_type=\"image.default\">\n\t\t\t\t<div class=\"elementor-widget-container\">\n\t\t\t\t\t\t\t\t\t\t\t\t\t\t\t<img loading=\"lazy\" decoding=\"async\" width=\"640\" height=\"580\" src=\"https:\/\/mastergssus.com\/wp-content\/uploads\/2024\/06\/H3.jpg\" class=\"elementor-animation-buzz-out attachment-large size-large wp-image-3568\" alt=\"\" srcset=\"https:\/\/mastergssus.com\/wp-content\/uploads\/2024\/06\/H3.jpg 893w, https:\/\/mastergssus.com\/wp-content\/uploads\/2024\/06\/H3-300x272.jpg 300w, https:\/\/mastergssus.com\/wp-content\/uploads\/2024\/06\/H3-768x696.jpg 768w\" sizes=\"(max-width: 640px) 100vw, 640px\" \/>\t\t\t\t\t\t\t\t\t\t\t\t\t\t\t<\/div>\n\t\t\t\t<\/div>\n\t\t\t\t<\/div>\n\t\t<div class=\"elementor-element elementor-element-47d5716 e-con-full e-flex e-con e-child\" data-id=\"47d5716\" data-element_type=\"container\">\n\t\t\t\t<div class=\"elementor-element elementor-element-0e7c0fa elementor-widget elementor-widget-heading\" data-id=\"0e7c0fa\" data-element_type=\"widget\" data-widget_type=\"heading.default\">\n\t\t\t\t<div class=\"elementor-widget-container\">\n\t\t\t\t\t<h2 class=\"elementor-heading-title elementor-size-default\">Durante el Programa Cadena Radar de la Cuenca del Caribe (Sistema Antidrogas), desarrollado entre Colombia y Estados Unidos, se cre\u00f3 Master Limitada.\nDesde ese momento, durante 12 a\u00f1os continuos, fuimos el soporte de ese proyecto, al cual suministramos personal en diferentes especialidades y servicios log\u00edsticos, incluyendo vuelos charter y combustibles para los proyectos en Colombia y Per\u00fa.\nAs\u00ed mismo, prestamos servicios de adquisici\u00f3n de componentes y repuestos, mantenimiento y revisi\u00f3n de h\u00e9lices a las Fuerzas Militares y Polic\u00eda Nacional de Colombia, a trav\u00e9s de la intermediaci\u00f3n de la empresa norteamericana Piedmont Propulsion Systems, de Chicago, Illinois.<\/h2>\t\t\t\t<\/div>\n\t\t\t\t<\/div>\n\t\t\t\t<\/div>\n\t\t\t\t\t<\/div>\n\t\t\t\t<\/div>\n\t\t\t\t<\/div>","protected":false},"excerpt":{"rendered":"<p>Our organization drives mission success with world-class services, parts, goods, and training through our accelerated procurement experience and network. We provide practical, substantial &#038; realistic solutions to solve any aviation maintenance and parts supply-related requirements but also with the most challenged procurement and logistic problems as needed. Si bien nos especializamos en la adquisici\u00f3n de [&hellip;]<\/p>","protected":false},"author":1,"featured_media":0,"parent":0,"menu_order":0,"comment_status":"closed","ping_status":"closed","template":"","meta":{"_monsterinsights_skip_tracking":false,"_monsterinsights_sitenote_active":false,"_monsterinsights_sitenote_note":"","_monsterinsights_sitenote_category":0,"footnotes":""},"aioseo_notices":[],"_links":{"self":[{"href":"https:\/\/mastergssus.com\/es\/wp-json\/wp\/v2\/pages\/3542"}],"collection":[{"href":"https:\/\/mastergssus.com\/es\/wp-json\/wp\/v2\/pages"}],"about":[{"href":"https:\/\/mastergssus.com\/es\/wp-json\/wp\/v2\/types\/page"}],"author":[{"embeddable":true,"href":"https:\/\/mastergssus.com\/es\/wp-json\/wp\/v2\/users\/1"}],"replies":[{"embeddable":true,"href":"https:\/\/mastergssus.com\/es\/wp-json\/wp\/v2\/comments?post=3542"}],"version-history":[{"count":13,"href":"https:\/\/mastergssus.com\/es\/wp-json\/wp\/v2\/pages\/3542\/revisions"}],"predecessor-version":[{"id":3662,"href":"https:\/\/mastergssus.com\/es\/wp-json\/wp\/v2\/pages\/3542\/revisions\/3662"}],"wp:attachment":[{"href":"https:\/\/mastergssus.com\/es\/wp-json\/wp\/v2\/media?parent=3542"}],"curies":[{"name":"wp","href":"https:\/\/api.w.org\/{rel}","templated":true}]}}