{"id":1133,"date":"2019-07-22T09:04:37","date_gmt":"2019-07-22T09:04:37","guid":{"rendered":"http:\/\/localhost\/bigger\/?page_id=1133"},"modified":"2024-07-15T15:18:15","modified_gmt":"2024-07-15T20:18:15","slug":"about-us","status":"publish","type":"page","link":"https:\/\/mastergssus.com\/es\/about-us\/","title":{"rendered":"NUESTRO EQUIPO"},"content":{"rendered":"<div data-elementor-type=\"wp-post\" data-elementor-id=\"1133\" class=\"elementor elementor-1133\">\n\t\t\t\t\t\t<section class=\"elementor-section elementor-top-section elementor-element elementor-element-ef79c17 elementor-section-boxed elementor-section-height-default elementor-section-height-default\" data-id=\"ef79c17\" data-element_type=\"section\" data-settings=\"{&quot;background_background&quot;:&quot;classic&quot;}\">\n\t\t\t\t\t\t<div class=\"elementor-container elementor-column-gap-extended\">\n\t\t\t\t\t<div class=\"elementor-column elementor-col-50 elementor-top-column elementor-element elementor-element-347cab7\" data-id=\"347cab7\" data-element_type=\"column\">\n\t\t\t<div class=\"elementor-widget-wrap\">\n\t\t\t\t\t\t\t<\/div>\n\t\t<\/div>\n\t\t\t\t<div class=\"elementor-column elementor-col-50 elementor-top-column elementor-element elementor-element-1ed6171\" data-id=\"1ed6171\" data-element_type=\"column\">\n\t\t\t<div class=\"elementor-widget-wrap\">\n\t\t\t\t\t\t\t<\/div>\n\t\t<\/div>\n\t\t\t\t\t<\/div>\n\t\t<\/section>\n\t\t\t\t<section class=\"elementor-section elementor-top-section elementor-element elementor-element-457c847 elementor-section-boxed elementor-section-height-default elementor-section-height-default\" data-id=\"457c847\" data-element_type=\"section\" data-settings=\"{&quot;background_background&quot;:&quot;classic&quot;}\">\n\t\t\t\t\t\t<div class=\"elementor-container elementor-column-gap-extended\">\n\t\t\t\t\t<div class=\"elementor-column elementor-col-50 elementor-top-column elementor-element elementor-element-c05ec4a\" data-id=\"c05ec4a\" data-element_type=\"column\">\n\t\t\t<div class=\"elementor-widget-wrap elementor-element-populated\">\n\t\t\t\t\t\t<div class=\"elementor-element elementor-element-65d7139 elementor-widget elementor-widget-bigger-member-team\" data-id=\"65d7139\" data-element_type=\"widget\" data-widget_type=\"bigger-member-team.default\">\n\t\t\t\t<div class=\"elementor-widget-container\">\n\t\t\t\t\t\t\t<div class=\"member-item\">\r\n\t\t\t<div class=\"avatar\">\r\n\t\t\t\t<img fetchpriority=\"high\" decoding=\"async\" width=\"992\" height=\"1241\" src=\"https:\/\/mastergssus.com\/wp-content\/uploads\/2024\/07\/TEAM-1.jpg\" class=\"attachment-full size-full wp-image-3633\" alt=\"\" srcset=\"https:\/\/mastergssus.com\/wp-content\/uploads\/2024\/07\/TEAM-1.jpg 992w, https:\/\/mastergssus.com\/wp-content\/uploads\/2024\/07\/TEAM-1-240x300.jpg 240w, https:\/\/mastergssus.com\/wp-content\/uploads\/2024\/07\/TEAM-1-819x1024.jpg 819w, https:\/\/mastergssus.com\/wp-content\/uploads\/2024\/07\/TEAM-1-768x961.jpg 768w\" sizes=\"(max-width: 992px) 100vw, 992px\" \/>\t\t\t\t\t\t\t<\/div>\r\n\t\t\t<div class=\"member-info\">\r\n\t\t\t\t<h6>Gerardo A. Gonz\u00e1lez<\/h6>\t\t\t\t<p>30 a\u00f1os de experiencia en la industria aeron\u00e1utica, especializados en la venta, reparaci\u00f3n, mantenimiento y soporte t\u00e9cnico de H\u00e9lices de Aviaci\u00f3n, Militares y Comerciales.<\/p>\t\t\t<\/div>\r\n\t\t<\/div>\r\n\t\t\t\t\t\t<\/div>\n\t\t\t\t<\/div>\n\t\t\t\t\t<\/div>\n\t\t<\/div>\n\t\t\t\t<div class=\"elementor-column elementor-col-50 elementor-top-column elementor-element elementor-element-a6c1d35\" data-id=\"a6c1d35\" data-element_type=\"column\">\n\t\t\t<div class=\"elementor-widget-wrap elementor-element-populated\">\n\t\t\t\t\t\t<div class=\"elementor-element elementor-element-150e9fa elementor-widget elementor-widget-bigger-member-team\" data-id=\"150e9fa\" data-element_type=\"widget\" data-widget_type=\"bigger-member-team.default\">\n\t\t\t\t<div class=\"elementor-widget-container\">\n\t\t\t\t\t\t\t<div class=\"member-item\">\r\n\t\t\t<div class=\"avatar\">\r\n\t\t\t\t<img decoding=\"async\" width=\"992\" height=\"1241\" src=\"https:\/\/mastergssus.com\/wp-content\/uploads\/2024\/07\/TEAM-4.jpg\" class=\"attachment-full size-full wp-image-3636\" alt=\"\" srcset=\"https:\/\/mastergssus.com\/wp-content\/uploads\/2024\/07\/TEAM-4.jpg 992w, https:\/\/mastergssus.com\/wp-content\/uploads\/2024\/07\/TEAM-4-240x300.jpg 240w, https:\/\/mastergssus.com\/wp-content\/uploads\/2024\/07\/TEAM-4-819x1024.jpg 819w, https:\/\/mastergssus.com\/wp-content\/uploads\/2024\/07\/TEAM-4-768x961.jpg 768w\" sizes=\"(max-width: 992px) 100vw, 992px\" \/>\t\t\t\t\t\t\t<\/div>\r\n\t\t\t<div class=\"member-info\">\r\n\t\t\t\t<h6>Raphael Manjarrez<\/h6>\t\t\t\t<p>Gerente de Adquisiciones y Subcontratos: Profesional multidisciplinario orientado a resultados con m\u00e1s de 18 a\u00f1os de experiencia en la facilitaci\u00f3n de un entorno orientado al servicio y centrado en el cliente, vital para maximizar la satisfacci\u00f3n y retenci\u00f3n del cliente. Las habilidades incluyen la capacidad de liderar con el ejemplo y delegar tareas cuando sea necesario para implementar, facilitar y mantener la estructura y la cohesi\u00f3n organizacional en apoyo de los requisitos de la misi\u00f3n dentro de un campo de batalla \/ entorno austero de alto ritmo operativo, extremadamente contingente, fluido y din\u00e1mico. Experiencia en el desempe\u00f1o eficiente de funciones de la cadena de suministro, incluida la preparaci\u00f3n y revisi\u00f3n de documentos, la entrada de datos y el archivo complejo, y la generaci\u00f3n de informes fundamentales para la alta gerencia.<\/p>\t\t\t<\/div>\r\n\t\t<\/div>\r\n\t\t\t\t\t\t<\/div>\n\t\t\t\t<\/div>\n\t\t\t\t\t<\/div>\n\t\t<\/div>\n\t\t\t\t\t<\/div>\n\t\t<\/section>\n\t\t\t\t<section class=\"elementor-section elementor-top-section elementor-element elementor-element-0baad82 elementor-section-boxed elementor-section-height-default elementor-section-height-default\" data-id=\"0baad82\" data-element_type=\"section\" data-settings=\"{&quot;background_background&quot;:&quot;classic&quot;}\">\n\t\t\t\t\t\t<div class=\"elementor-container elementor-column-gap-extended\">\n\t\t\t\t\t<div class=\"elementor-column elementor-col-50 elementor-top-column elementor-element elementor-element-f50f84e\" data-id=\"f50f84e\" data-element_type=\"column\">\n\t\t\t<div class=\"elementor-widget-wrap elementor-element-populated\">\n\t\t\t\t\t\t<div class=\"elementor-element elementor-element-4bd57c0 elementor-widget elementor-widget-bigger-member-team\" data-id=\"4bd57c0\" data-element_type=\"widget\" data-widget_type=\"bigger-member-team.default\">\n\t\t\t\t<div class=\"elementor-widget-container\">\n\t\t\t\t\t\t\t<div class=\"member-item\">\r\n\t\t\t<div class=\"avatar\">\r\n\t\t\t\t<img decoding=\"async\" width=\"992\" height=\"1241\" src=\"https:\/\/mastergssus.com\/wp-content\/uploads\/2024\/07\/TEAM-3.jpg\" class=\"attachment-full size-full wp-image-3635\" alt=\"\" srcset=\"https:\/\/mastergssus.com\/wp-content\/uploads\/2024\/07\/TEAM-3.jpg 992w, https:\/\/mastergssus.com\/wp-content\/uploads\/2024\/07\/TEAM-3-240x300.jpg 240w, https:\/\/mastergssus.com\/wp-content\/uploads\/2024\/07\/TEAM-3-819x1024.jpg 819w, https:\/\/mastergssus.com\/wp-content\/uploads\/2024\/07\/TEAM-3-768x961.jpg 768w\" sizes=\"(max-width: 992px) 100vw, 992px\" \/>\t\t\t\t\t\t\t<\/div>\r\n\t\t\t<div class=\"member-info\">\r\n\t\t\t\t<h6>Martha Espinosa<\/h6>\t\t\t\t<p>Jefe administrativo: orientado al cliente y motivado, con m\u00e1s de 7 a\u00f1os de experiencia en atenci\u00f3n al cliente y operaciones. Competente en MS Office. Habilidad para pensar con rapidez y resolver cualquier problema potencial que surja con los clientes sin ayuda de la gerencia. Minucioso y atento a los detalles en los asuntos profesionales diarios.<\/p>\t\t\t<\/div>\r\n\t\t<\/div>\r\n\t\t\t\t\t\t<\/div>\n\t\t\t\t<\/div>\n\t\t\t\t\t<\/div>\n\t\t<\/div>\n\t\t\t\t<div class=\"elementor-column elementor-col-50 elementor-top-column elementor-element elementor-element-70088eb\" data-id=\"70088eb\" data-element_type=\"column\">\n\t\t\t<div class=\"elementor-widget-wrap elementor-element-populated\">\n\t\t\t\t\t\t<div class=\"elementor-element elementor-element-727aa2e elementor-widget elementor-widget-bigger-member-team\" data-id=\"727aa2e\" data-element_type=\"widget\" data-widget_type=\"bigger-member-team.default\">\n\t\t\t\t<div class=\"elementor-widget-container\">\n\t\t\t\t\t\t\t<div class=\"member-item\">\r\n\t\t\t<div class=\"avatar\">\r\n\t\t\t\t<img loading=\"lazy\" decoding=\"async\" width=\"992\" height=\"1241\" src=\"https:\/\/mastergssus.com\/wp-content\/uploads\/2024\/07\/TEAM-2.jpg\" class=\"attachment-full size-full wp-image-3634\" alt=\"\" srcset=\"https:\/\/mastergssus.com\/wp-content\/uploads\/2024\/07\/TEAM-2.jpg 992w, https:\/\/mastergssus.com\/wp-content\/uploads\/2024\/07\/TEAM-2-240x300.jpg 240w, https:\/\/mastergssus.com\/wp-content\/uploads\/2024\/07\/TEAM-2-819x1024.jpg 819w, https:\/\/mastergssus.com\/wp-content\/uploads\/2024\/07\/TEAM-2-768x961.jpg 768w\" sizes=\"(max-width: 992px) 100vw, 992px\" \/>\t\t\t\t\t\t\t<\/div>\r\n\t\t\t<div class=\"member-info\">\r\n\t\t\t\t<h6>Luisa Gonzalez<\/h6>\t\t\t\t<p> Supervisor de Control de Costos: 4 a\u00f1os de experiencia en Control de Costos de Operaciones, Monitoreo de Costos, Estimaci\u00f3n de Costos, An\u00e1lisis de Costos, Previsi\u00f3n de Costos, Administraci\u00f3n de Contratos, Finanzas y Programaci\u00f3n.<\/p>\t\t\t<\/div>\r\n\t\t<\/div>\r\n\t\t\t\t\t\t<\/div>\n\t\t\t\t<\/div>\n\t\t\t\t\t<\/div>\n\t\t<\/div>\n\t\t\t\t\t<\/div>\n\t\t<\/section>\n\t\t\t\t<\/div>","protected":false},"excerpt":{"rendered":"<p>Gerardo A. Gonz\u00e1lez 30 years of experience in the aviation industry, specialized in the sale, repair, maintenance and technical support of Aviation, Military and Commercial Propellers. Raphael Manjarrez Procurement and Subcontracts Manager: Results-driven multi-disciplined professional with more than 18 years of expertise in facilitating a client-focused, service-oriented environment vital to maximizing customer satisfaction and retention. [&hellip;]<\/p>","protected":false},"author":1,"featured_media":0,"parent":0,"menu_order":0,"comment_status":"closed","ping_status":"closed","template":"","meta":{"_monsterinsights_skip_tracking":false,"_monsterinsights_sitenote_active":false,"_monsterinsights_sitenote_note":"","_monsterinsights_sitenote_category":0,"footnotes":""},"aioseo_notices":[],"_links":{"self":[{"href":"https:\/\/mastergssus.com\/es\/wp-json\/wp\/v2\/pages\/1133"}],"collection":[{"href":"https:\/\/mastergssus.com\/es\/wp-json\/wp\/v2\/pages"}],"about":[{"href":"https:\/\/mastergssus.com\/es\/wp-json\/wp\/v2\/types\/page"}],"author":[{"embeddable":true,"href":"https:\/\/mastergssus.com\/es\/wp-json\/wp\/v2\/users\/1"}],"replies":[{"embeddable":true,"href":"https:\/\/mastergssus.com\/es\/wp-json\/wp\/v2\/comments?post=1133"}],"version-history":[{"count":23,"href":"https:\/\/mastergssus.com\/es\/wp-json\/wp\/v2\/pages\/1133\/revisions"}],"predecessor-version":[{"id":3652,"href":"https:\/\/mastergssus.com\/es\/wp-json\/wp\/v2\/pages\/1133\/revisions\/3652"}],"wp:attachment":[{"href":"https:\/\/mastergssus.com\/es\/wp-json\/wp\/v2\/media?parent=1133"}],"curies":[{"name":"wp","href":"https:\/\/api.w.org\/{rel}","templated":true}]}}